{"id":356,"date":"2020-04-01T11:58:22","date_gmt":"2020-04-01T09:58:22","guid":{"rendered":"https:\/\/www.studiobnc.net\/sito\/?page_id=356"},"modified":"2020-07-02T15:48:58","modified_gmt":"2020-07-02T13:48:58","slug":"aziende-covid19-studio-bnc","status":"publish","type":"page","link":"https:\/\/www.studiobnc.net\/sito\/aziende-covid19-studio-bnc\/","title":{"rendered":"Hub BNC uno spazio virtuale per aziende contro l\u2019emergenza Covid-19"},"content":{"rendered":"<p>[et_pb_section fb_built=\"1\" _builder_version=\"4.4.2\"][et_pb_row _builder_version=\"4.4.2\"][et_pb_column type=\"4_4\" _builder_version=\"4.4.2\"][et_pb_text _builder_version=\"4.4.4\"]<\/p>\n<h1 style=\"text-align: center;\"><em>Hub BNC uno spazio virtuale per aziende contro l\u2019emergenza Covid-19<\/em><\/h1>\n<p>[\/et_pb_text][\/et_pb_column][\/et_pb_row][et_pb_row column_structure=\"1_2,1_2\" _builder_version=\"4.4.2\"][et_pb_column type=\"1_2\" _builder_version=\"4.4.2\"][et_pb_text _builder_version=\"4.4.2\"]<\/p>\n<p><em>Al fine di offrire un servizio utile alla collettivit\u00e0, Studio BNC da oggi apre una bacheca online \u201cHub BNC\u201d, uno spazio virtuale per dare visibilit\u00e0 e creare relazione tra il sistema e le aziende che in questo periodo storico stanno lavorando per l\u2019emergenza Covid-19.<\/em><\/p>\n<p>[\/et_pb_text][et_pb_text _builder_version=\"4.4.2\"]<\/p>\n<p><em>Uno spazio di incontro virtuale che nasce con l\u2019obiettivo di dare un supporto alle aziende che nel loro quotidiano hanno come business quello di servire il settore sanitario, della sanificazione e della produzione e commercio di DPI, ma anche aziende che hanno riconvertito il proprio business o che stanno \u00a0operando per solidariet\u00e0 in questo momento per far fronte alle richieste d\u2019urgenza relative all\u2019emergenza Covid-19.<\/em><\/p>\n<p>[\/et_pb_text][\/et_pb_column][et_pb_column type=\"1_2\" _builder_version=\"4.4.2\"][et_pb_text _builder_version=\"4.4.2\"]<\/p>\n<h4>Le aziende che, al fine di dare visibilit\u00e0 ai propri prodotti\/servizi, volessero far parte, a titolo gratuito, di questo hub, consultabile su <a href=\"https:\/\/www.studiobnc.net\/sito\/aziende-covid19\/\">www.studiobnc.net\/sito\/aziende-covid19<\/a> sono invitate a compilare il form qui sotto<\/h4>\n<p>[\/et_pb_text][et_pb_cta title=\"NUOVA REGISTRAZIONE\" button_text=\"https:\/\/studiobnc.net\/sito\/bacheca\/\" _builder_version=\"4.4.4\" custom_button=\"on\" custom_padding=\"||15px|||\" animation_style=\"zoom\" header_text_shadow_style=\"preset1\" box_shadow_style=\"preset1\" disabled_on=\"on|on|on\" disabled=\"on\"]<\/p>\n<h2 style=\"text-align: center;\"><strong><a href=\"https:\/\/www.studiobnc.net\/sito\/bacheca\/\" target=\"_blank\" rel=\"noopener noreferrer\">CLICCA QUI<\/a><\/strong><\/h2>\n<p>[\/et_pb_cta][\/et_pb_column][\/et_pb_row][et_pb_row _builder_version=\"4.4.2\"][et_pb_column type=\"4_4\" _builder_version=\"4.4.2\"][et_pb_text _builder_version=\"4.4.4\"]<\/p>\n<h2 style=\"text-align: center;\">Aziende che hanno aderito al progetto Hub BNC contro l'emergenza Covid-19<\/h2>\n<p>[\/et_pb_text][\/et_pb_column][\/et_pb_row][et_pb_row column_structure=\"1_2,1_2\" disabled_on=\"off|off|off\" _builder_version=\"4.4.2\" collapsed=\"off\"][et_pb_column type=\"1_2\" _builder_version=\"4.4.2\"][et_pb_blog posts_number=\"1\" include_categories=\"9\" excerpt_length=\"500\" show_author=\"off\" show_date=\"off\" show_categories=\"off\" show_pagination=\"off\" module_id=\"ds-thumbnail-blog\" _builder_version=\"4.4.3\"][\/et_pb_blog][et_pb_blog posts_number=\"1\" include_categories=\"9\" excerpt_length=\"500\" show_author=\"off\" show_date=\"off\" show_categories=\"off\" show_pagination=\"off\" offset_number=\"2\" module_id=\"ds-thumbnail-blog\" _builder_version=\"4.4.2\"][\/et_pb_blog][et_pb_blog posts_number=\"1\" include_categories=\"9\" excerpt_length=\"500\" show_author=\"off\" show_date=\"off\" show_categories=\"off\" show_pagination=\"off\" offset_number=\"4\" use_overlay=\"on\" disabled_on=\"off|off|off\" module_id=\"ds-thumbnail-blog\" _builder_version=\"4.4.4\"][\/et_pb_blog][et_pb_blog posts_number=\"1\" include_categories=\"9\" excerpt_length=\"500\" show_author=\"off\" show_date=\"off\" show_categories=\"off\" offset_number=\"6\" use_overlay=\"on\" disabled_on=\"off|off|off\" module_id=\"ds-thumbnail-blog\" _builder_version=\"4.4.7\"][\/et_pb_blog][\/et_pb_column][et_pb_column type=\"1_2\" _builder_version=\"4.4.2\"][et_pb_blog posts_number=\"1\" include_categories=\"9\" excerpt_length=\"500\" show_author=\"off\" show_date=\"off\" show_categories=\"off\" show_pagination=\"off\" offset_number=\"1\" module_id=\"ds-thumbnail-blog\" _builder_version=\"4.4.3\"][\/et_pb_blog][et_pb_blog posts_number=\"1\" include_categories=\"9\" excerpt_length=\"500\" show_author=\"off\" show_date=\"off\" show_categories=\"off\" show_pagination=\"off\" offset_number=\"3\" use_overlay=\"on\" disabled_on=\"off|off|off\" module_id=\"ds-thumbnail-blog\" _builder_version=\"4.4.2\"][\/et_pb_blog][et_pb_blog posts_number=\"1\" include_categories=\"9\" excerpt_length=\"500\" show_author=\"off\" show_date=\"off\" show_categories=\"off\" show_pagination=\"off\" offset_number=\"5\" use_overlay=\"on\" disabled_on=\"off|off|off\" module_id=\"ds-thumbnail-blog\" _builder_version=\"4.4.4\"][\/et_pb_blog][et_pb_blog include_categories=\"9\" excerpt_length=\"500\" show_author=\"off\" show_date=\"off\" show_categories=\"off\" offset_number=\"7\" use_overlay=\"on\" disabled_on=\"off|off|off\" module_id=\"ds-thumbnail-blog\" _builder_version=\"4.4.7\"][\/et_pb_blog][\/et_pb_column][\/et_pb_row][et_pb_row column_structure=\"3_4,1_4\" _builder_version=\"4.4.4\"][et_pb_column type=\"3_4\" _builder_version=\"4.4.2\"][et_pb_text _builder_version=\"4.4.4\"]<\/p>\n<h2>Note<\/h2>\n<p><em>Studio BNC\u00a0effettuer\u00e0 un controllo <\/em><em>di <\/em><em>massima <\/em><em>della<\/em><em> veridicit\u00e0 e seriet\u00e0 delle proposte pervenute, ma non si assumer\u00e0 alcuna responsabilit\u00e0 a riguardo.\"<\/em><\/p>\n<p>[\/et_pb_text][\/et_pb_column][et_pb_column type=\"1_4\" _builder_version=\"4.4.2\"][et_pb_image src=\"https:\/\/www.studiobnc.net\/sito\/wp-content\/uploads\/2020\/04\/seguici_su_linkedin.jpg\" title_text=\"linkedin BNC\" url=\"https:\/\/it.linkedin.com\/company\/studio-bnc\" url_new_window=\"on\" use_overlay=\"on\" overlay_icon_color=\"#ffffff\" hover_overlay_color=\"rgba(0,0,0,0.6)\" hover_icon=\"%%301%%\" align=\"center\" admin_label=\"Immagine\" _builder_version=\"4.4.4\"][\/et_pb_image][\/et_pb_column][\/et_pb_row][\/et_pb_section]<\/p>\n","protected":false},"excerpt":{"rendered":"<p>Hub BNC uno spazio virtuale per aziende contro l\u2019emergenza Covid-19Al fine di offrire un servizio utile alla collettivit\u00e0, Studio BNC da oggi apre una bacheca online \u201cHub BNC\u201d, uno spazio virtuale per dare visibilit\u00e0 e creare relazione tra il sistema e le aziende che in questo periodo storico stanno lavorando per l\u2019emergenza Covid-19.Uno spazio di [&hellip;]<\/p>\n","protected":false},"author":1,"featured_media":329,"parent":0,"menu_order":0,"comment_status":"closed","ping_status":"closed","template":"","meta":{"_et_pb_use_builder":"on","_et_pb_old_content":"","_et_gb_content_width":"","footnotes":""},"class_list":["post-356","page","type-page","status-publish","has-post-thumbnail","hentry"],"yoast_head":"<!-- This site is optimized with the Yoast SEO plugin v27.2 - https:\/\/yoast.com\/product\/yoast-seo-wordpress\/ -->\n<title>Hub BNC uno spazio virtuale per aziende contro l\u2019emergenza Covid-19<\/title>\n<meta name=\"description\" content=\"Hub BNC uno spazio virtuale per dare visibilit\u00e0 alle aziende che stanno lavorando per l\u2019emergenza Covid-19. Studio BNC da oggi apre una bacheca online\" \/>\n<meta name=\"robots\" content=\"index, follow, max-snippet:-1, max-image-preview:large, max-video-preview:-1\" \/>\n<link rel=\"canonical\" href=\"https:\/\/www.studiobnc.net\/sito\/aziende-covid19-studio-bnc\/\" \/>\n<meta property=\"og:locale\" content=\"it_IT\" \/>\n<meta property=\"og:type\" content=\"article\" \/>\n<meta property=\"og:title\" content=\"Hub BNC uno spazio virtuale per aziende contro l\u2019emergenza Covid-19\" \/>\n<meta property=\"og:description\" content=\"Hub BNC uno spazio virtuale per dare visibilit\u00e0 alle aziende che stanno lavorando per l\u2019emergenza Covid-19. Studio BNC da oggi apre una bacheca online\" \/>\n<meta property=\"og:url\" content=\"https:\/\/www.studiobnc.net\/sito\/aziende-covid19-studio-bnc\/\" \/>\n<meta property=\"og:site_name\" content=\"Studio BNC\" \/>\n<meta property=\"article:modified_time\" content=\"2020-07-02T13:48:58+00:00\" \/>\n<meta property=\"og:image\" content=\"https:\/\/www.studiobnc.net\/sito\/wp-content\/uploads\/2020\/03\/BNC.png\" \/>\n\t<meta property=\"og:image:width\" content=\"1448\" \/>\n\t<meta property=\"og:image:height\" content=\"549\" \/>\n\t<meta property=\"og:image:type\" content=\"image\/png\" \/>\n<meta name=\"twitter:card\" content=\"summary_large_image\" \/>\n<meta name=\"twitter:label1\" content=\"Tempo di lettura stimato\" \/>\n\t<meta name=\"twitter:data1\" content=\"4 minuti\" \/>\n<script type=\"application\/ld+json\" class=\"yoast-schema-graph\">{\"@context\":\"https:\/\/schema.org\",\"@graph\":[{\"@type\":\"WebPage\",\"@id\":\"https:\/\/www.studiobnc.net\/sito\/aziende-covid19-studio-bnc\/\",\"url\":\"https:\/\/www.studiobnc.net\/sito\/aziende-covid19-studio-bnc\/\",\"name\":\"Hub BNC uno spazio virtuale per aziende contro l\u2019emergenza Covid-19\",\"isPartOf\":{\"@id\":\"https:\/\/www.studiobnc.net\/sito\/#website\"},\"primaryImageOfPage\":{\"@id\":\"https:\/\/www.studiobnc.net\/sito\/aziende-covid19-studio-bnc\/#primaryimage\"},\"image\":{\"@id\":\"https:\/\/www.studiobnc.net\/sito\/aziende-covid19-studio-bnc\/#primaryimage\"},\"thumbnailUrl\":\"https:\/\/www.studiobnc.net\/sito\/wp-content\/uploads\/2020\/03\/BNC.png\",\"datePublished\":\"2020-04-01T09:58:22+00:00\",\"dateModified\":\"2020-07-02T13:48:58+00:00\",\"description\":\"Hub BNC uno spazio virtuale per dare visibilit\u00e0 alle aziende che stanno lavorando per l\u2019emergenza Covid-19. Studio BNC da oggi apre una bacheca online\",\"breadcrumb\":{\"@id\":\"https:\/\/www.studiobnc.net\/sito\/aziende-covid19-studio-bnc\/#breadcrumb\"},\"inLanguage\":\"it-IT\",\"potentialAction\":[{\"@type\":\"ReadAction\",\"target\":[\"https:\/\/www.studiobnc.net\/sito\/aziende-covid19-studio-bnc\/\"]}]},{\"@type\":\"ImageObject\",\"inLanguage\":\"it-IT\",\"@id\":\"https:\/\/www.studiobnc.net\/sito\/aziende-covid19-studio-bnc\/#primaryimage\",\"url\":\"https:\/\/www.studiobnc.net\/sito\/wp-content\/uploads\/2020\/03\/BNC.png\",\"contentUrl\":\"https:\/\/www.studiobnc.net\/sito\/wp-content\/uploads\/2020\/03\/BNC.png\",\"width\":1448,\"height\":549},{\"@type\":\"BreadcrumbList\",\"@id\":\"https:\/\/www.studiobnc.net\/sito\/aziende-covid19-studio-bnc\/#breadcrumb\",\"itemListElement\":[{\"@type\":\"ListItem\",\"position\":1,\"name\":\"Home\",\"item\":\"https:\/\/www.studiobnc.net\/sito\/\"},{\"@type\":\"ListItem\",\"position\":2,\"name\":\"Hub BNC uno spazio virtuale per aziende contro l\u2019emergenza Covid-19\"}]},{\"@type\":\"WebSite\",\"@id\":\"https:\/\/www.studiobnc.net\/sito\/#website\",\"url\":\"https:\/\/www.studiobnc.net\/sito\/\",\"name\":\"Circolari Studio BNC\",\"description\":\"Studio BNC\",\"publisher\":{\"@id\":\"https:\/\/www.studiobnc.net\/sito\/#organization\"},\"potentialAction\":[{\"@type\":\"SearchAction\",\"target\":{\"@type\":\"EntryPoint\",\"urlTemplate\":\"https:\/\/www.studiobnc.net\/sito\/?s={search_term_string}\"},\"query-input\":{\"@type\":\"PropertyValueSpecification\",\"valueRequired\":true,\"valueName\":\"search_term_string\"}}],\"inLanguage\":\"it-IT\"},{\"@type\":\"Organization\",\"@id\":\"https:\/\/www.studiobnc.net\/sito\/#organization\",\"name\":\"Studio BNC\",\"url\":\"https:\/\/www.studiobnc.net\/sito\/\",\"logo\":{\"@type\":\"ImageObject\",\"inLanguage\":\"it-IT\",\"@id\":\"https:\/\/www.studiobnc.net\/sito\/#\/schema\/logo\/image\/\",\"url\":\"https:\/\/www.studiobnc.net\/sito\/wp-content\/uploads\/2020\/03\/BNC.png\",\"contentUrl\":\"https:\/\/www.studiobnc.net\/sito\/wp-content\/uploads\/2020\/03\/BNC.png\",\"width\":1448,\"height\":549,\"caption\":\"Studio BNC\"},\"image\":{\"@id\":\"https:\/\/www.studiobnc.net\/sito\/#\/schema\/logo\/image\/\"},\"sameAs\":[\"http:\/\/linkedin.com\/company\/studio-bnc\"]}]}<\/script>\n<!-- \/ Yoast SEO plugin. -->","yoast_head_json":{"title":"Hub BNC uno spazio virtuale per aziende contro l\u2019emergenza Covid-19","description":"Hub BNC uno spazio virtuale per dare visibilit\u00e0 alle aziende che stanno lavorando per l\u2019emergenza Covid-19. Studio BNC da oggi apre una bacheca online","robots":{"index":"index","follow":"follow","max-snippet":"max-snippet:-1","max-image-preview":"max-image-preview:large","max-video-preview":"max-video-preview:-1"},"canonical":"https:\/\/www.studiobnc.net\/sito\/aziende-covid19-studio-bnc\/","og_locale":"it_IT","og_type":"article","og_title":"Hub BNC uno spazio virtuale per aziende contro l\u2019emergenza Covid-19","og_description":"Hub BNC uno spazio virtuale per dare visibilit\u00e0 alle aziende che stanno lavorando per l\u2019emergenza Covid-19. Studio BNC da oggi apre una bacheca online","og_url":"https:\/\/www.studiobnc.net\/sito\/aziende-covid19-studio-bnc\/","og_site_name":"Studio BNC","article_modified_time":"2020-07-02T13:48:58+00:00","og_image":[{"width":1448,"height":549,"url":"https:\/\/www.studiobnc.net\/sito\/wp-content\/uploads\/2020\/03\/BNC.png","type":"image\/png"}],"twitter_card":"summary_large_image","twitter_misc":{"Tempo di lettura stimato":"4 minuti"},"schema":{"@context":"https:\/\/schema.org","@graph":[{"@type":"WebPage","@id":"https:\/\/www.studiobnc.net\/sito\/aziende-covid19-studio-bnc\/","url":"https:\/\/www.studiobnc.net\/sito\/aziende-covid19-studio-bnc\/","name":"Hub BNC uno spazio virtuale per aziende contro l\u2019emergenza Covid-19","isPartOf":{"@id":"https:\/\/www.studiobnc.net\/sito\/#website"},"primaryImageOfPage":{"@id":"https:\/\/www.studiobnc.net\/sito\/aziende-covid19-studio-bnc\/#primaryimage"},"image":{"@id":"https:\/\/www.studiobnc.net\/sito\/aziende-covid19-studio-bnc\/#primaryimage"},"thumbnailUrl":"https:\/\/www.studiobnc.net\/sito\/wp-content\/uploads\/2020\/03\/BNC.png","datePublished":"2020-04-01T09:58:22+00:00","dateModified":"2020-07-02T13:48:58+00:00","description":"Hub BNC uno spazio virtuale per dare visibilit\u00e0 alle aziende che stanno lavorando per l\u2019emergenza Covid-19. Studio BNC da oggi apre una bacheca online","breadcrumb":{"@id":"https:\/\/www.studiobnc.net\/sito\/aziende-covid19-studio-bnc\/#breadcrumb"},"inLanguage":"it-IT","potentialAction":[{"@type":"ReadAction","target":["https:\/\/www.studiobnc.net\/sito\/aziende-covid19-studio-bnc\/"]}]},{"@type":"ImageObject","inLanguage":"it-IT","@id":"https:\/\/www.studiobnc.net\/sito\/aziende-covid19-studio-bnc\/#primaryimage","url":"https:\/\/www.studiobnc.net\/sito\/wp-content\/uploads\/2020\/03\/BNC.png","contentUrl":"https:\/\/www.studiobnc.net\/sito\/wp-content\/uploads\/2020\/03\/BNC.png","width":1448,"height":549},{"@type":"BreadcrumbList","@id":"https:\/\/www.studiobnc.net\/sito\/aziende-covid19-studio-bnc\/#breadcrumb","itemListElement":[{"@type":"ListItem","position":1,"name":"Home","item":"https:\/\/www.studiobnc.net\/sito\/"},{"@type":"ListItem","position":2,"name":"Hub BNC uno spazio virtuale per aziende contro l\u2019emergenza Covid-19"}]},{"@type":"WebSite","@id":"https:\/\/www.studiobnc.net\/sito\/#website","url":"https:\/\/www.studiobnc.net\/sito\/","name":"Circolari Studio BNC","description":"Studio BNC","publisher":{"@id":"https:\/\/www.studiobnc.net\/sito\/#organization"},"potentialAction":[{"@type":"SearchAction","target":{"@type":"EntryPoint","urlTemplate":"https:\/\/www.studiobnc.net\/sito\/?s={search_term_string}"},"query-input":{"@type":"PropertyValueSpecification","valueRequired":true,"valueName":"search_term_string"}}],"inLanguage":"it-IT"},{"@type":"Organization","@id":"https:\/\/www.studiobnc.net\/sito\/#organization","name":"Studio BNC","url":"https:\/\/www.studiobnc.net\/sito\/","logo":{"@type":"ImageObject","inLanguage":"it-IT","@id":"https:\/\/www.studiobnc.net\/sito\/#\/schema\/logo\/image\/","url":"https:\/\/www.studiobnc.net\/sito\/wp-content\/uploads\/2020\/03\/BNC.png","contentUrl":"https:\/\/www.studiobnc.net\/sito\/wp-content\/uploads\/2020\/03\/BNC.png","width":1448,"height":549,"caption":"Studio BNC"},"image":{"@id":"https:\/\/www.studiobnc.net\/sito\/#\/schema\/logo\/image\/"},"sameAs":["http:\/\/linkedin.com\/company\/studio-bnc"]}]}},"_links":{"self":[{"href":"https:\/\/www.studiobnc.net\/sito\/wp-json\/wp\/v2\/pages\/356","targetHints":{"allow":["GET"]}}],"collection":[{"href":"https:\/\/www.studiobnc.net\/sito\/wp-json\/wp\/v2\/pages"}],"about":[{"href":"https:\/\/www.studiobnc.net\/sito\/wp-json\/wp\/v2\/types\/page"}],"author":[{"embeddable":true,"href":"https:\/\/www.studiobnc.net\/sito\/wp-json\/wp\/v2\/users\/1"}],"replies":[{"embeddable":true,"href":"https:\/\/www.studiobnc.net\/sito\/wp-json\/wp\/v2\/comments?post=356"}],"version-history":[{"count":0,"href":"https:\/\/www.studiobnc.net\/sito\/wp-json\/wp\/v2\/pages\/356\/revisions"}],"wp:featuredmedia":[{"embeddable":true,"href":"https:\/\/www.studiobnc.net\/sito\/wp-json\/wp\/v2\/media\/329"}],"wp:attachment":[{"href":"https:\/\/www.studiobnc.net\/sito\/wp-json\/wp\/v2\/media?parent=356"}],"curies":[{"name":"wp","href":"https:\/\/api.w.org\/{rel}","templated":true}]}}